{"id":57,"date":"2023-09-11T17:07:35","date_gmt":"2023-09-11T20:07:35","guid":{"rendered":"https:\/\/ipsanjose.edu.ar\/forms\/home-copy\/"},"modified":"2025-12-23T12:54:15","modified_gmt":"2025-12-23T15:54:15","slug":"solicitud-de-inscripcion-inicial","status":"publish","type":"page","link":"https:\/\/ipsanjose.edu.ar\/forms\/solicitud-de-inscripcion-inicial\/","title":{"rendered":"Solicitud de inscripci\u00f3n inicial"},"content":{"rendered":"\t\t<div data-elementor-type=\"wp-page\" data-elementor-id=\"57\" class=\"elementor elementor-57\">\n\t\t\t\t\t\t<section class=\"elementor-section elementor-top-section elementor-element elementor-element-4bbe0d6 elementor-section-boxed elementor-section-height-default elementor-section-height-default\" data-id=\"4bbe0d6\" data-element_type=\"section\" data-e-type=\"section\">\n\t\t\t\t\t\t<div class=\"elementor-container elementor-column-gap-default\">\n\t\t\t\t\t<div class=\"elementor-column elementor-col-100 elementor-top-column elementor-element elementor-element-fd5b2c3\" data-id=\"fd5b2c3\" data-element_type=\"column\" data-e-type=\"column\">\n\t\t\t<div class=\"elementor-widget-wrap elementor-element-populated\">\n\t\t\t\t\t\t<div class=\"elementor-element elementor-element-27e52b2 elementor-widget elementor-widget-image\" data-id=\"27e52b2\" data-element_type=\"widget\" data-e-type=\"widget\" data-widget_type=\"image.default\">\n\t\t\t\t<div class=\"elementor-widget-container\">\n\t\t\t\t\t\t\t\t\t\t\t\t\t\t\t<img decoding=\"async\" width=\"150\" height=\"150\" src=\"https:\/\/ipsanjose.edu.ar\/forms\/wp-content\/uploads\/2023\/09\/background-150x150.jpg\" class=\"attachment-thumbnail size-thumbnail wp-image-51\" alt=\"\" \/>\t\t\t\t\t\t\t\t\t\t\t\t\t\t\t<\/div>\n\t\t\t\t<\/div>\n\t\t\t\t\t<\/div>\n\t\t<\/div>\n\t\t\t\t\t<\/div>\n\t\t<\/section>\n\t\t\t\t<section class=\"elementor-section elementor-top-section elementor-element elementor-element-2dfda20 elementor-section-boxed elementor-section-height-default elementor-section-height-default\" data-id=\"2dfda20\" data-element_type=\"section\" data-e-type=\"section\">\n\t\t\t\t\t\t<div class=\"elementor-container elementor-column-gap-default\">\n\t\t\t\t\t<div class=\"elementor-column elementor-col-100 elementor-top-column elementor-element elementor-element-4f46ba1\" data-id=\"4f46ba1\" data-element_type=\"column\" data-e-type=\"column\">\n\t\t\t<div class=\"elementor-widget-wrap elementor-element-populated\">\n\t\t\t\t\t\t<div class=\"elementor-element elementor-element-c950789 elementor-widget elementor-widget-heading\" data-id=\"c950789\" data-element_type=\"widget\" data-e-type=\"widget\" data-widget_type=\"heading.default\">\n\t\t\t\t<div class=\"elementor-widget-container\">\n\t\t\t\t\t<h2 class=\"elementor-heading-title elementor-size-default\">Solicitud de inscripci\u00f3n \u2022 Nivel Inicial<\/h2>\t\t\t\t<\/div>\n\t\t\t\t<\/div>\n\t\t\t\t<div class=\"elementor-element elementor-element-80e1fc7 elementor-widget elementor-widget-shortcode\" data-id=\"80e1fc7\" data-element_type=\"widget\" data-e-type=\"widget\" data-widget_type=\"shortcode.default\">\n\t\t\t\t<div class=\"elementor-widget-container\">\n\t\t\t\t\t\t\t<div class=\"elementor-shortcode\"><div class=\"forminator-ui forminator-custom-form forminator-custom-form-56 forminator-design--flat  forminator_ajax\" data-forminator-render=\"0\" data-form=\"forminator-module-56\" data-uid=\"69e0eabf167e2\"><br\/><\/div><form\n\t\t\t\tid=\"forminator-module-56\"\n\t\t\t\tclass=\"forminator-ui forminator-custom-form forminator-custom-form-56 forminator-design--flat  forminator_ajax\"\n\t\t\t\tmethod=\"post\"\n\t\t\t\tdata-forminator-render=\"0\"\n\t\t\t\tdata-form-id=\"56\"\n\t\t\t\t data-color-option=\"default\" data-design=\"flat\" data-grid=\"open\" style=\"display: none;\"\n\t\t\t\tdata-uid=\"69e0eabf167e2\"\n\t\t\t><div role=\"alert\" aria-live=\"polite\" class=\"forminator-response-message forminator-error\" aria-hidden=\"true\"><\/div><div class=\"forminator-row forminator-hidden\"><div id=\"hidden-1\" class=\"forminator-field-hidden  forminator-col-6 \"><input type=\"hidden\" id=\"hidden-1_69e0eabf167e2\" name=\"hidden-1\" value=\"submission_id\" \/><\/div><div id=\"hidden-2\" class=\"forminator-field-hidden  forminator-col-6 \"><input type=\"hidden\" id=\"hidden-2_69e0eabf167e2\" name=\"hidden-2\" value=\"16\/04\/2026\" \/><\/div><\/div><div class=\"forminator-row\"><div id=\"name-1\" class=\"forminator-field-name forminator-col forminator-col-6 \"><div class=\"forminator-field\"><label for=\"forminator-field-name-1_69e0eabf167e2\" id=\"forminator-field-name-1_69e0eabf167e2-label\" class=\"forminator-label\">Apellido del Alumno <span class=\"forminator-required\">*<\/span><\/label><input type=\"text\" name=\"name-1\" value=\"\" placeholder=\"Ejemplo: Garc\u00eda\" id=\"forminator-field-name-1_69e0eabf167e2\" class=\"forminator-input forminator-name--field\" aria-required=\"true\" autocomplete=\"name\" \/><\/div><\/div><div id=\"name-3\" class=\"forminator-field-name forminator-col forminator-col-6 \"><div class=\"forminator-field\"><label for=\"forminator-field-name-3_69e0eabf167e2\" id=\"forminator-field-name-3_69e0eabf167e2-label\" class=\"forminator-label\">Nombre del Alumno <span class=\"forminator-required\">*<\/span><\/label><input type=\"text\" name=\"name-3\" value=\"\" placeholder=\"Ejemplo: Lucas\" id=\"forminator-field-name-3_69e0eabf167e2\" class=\"forminator-input forminator-name--field\" aria-required=\"true\" autocomplete=\"name\" \/><\/div><\/div><\/div><div class=\"forminator-row\"><div id=\"date-1\" class=\"forminator-field-date forminator-col forminator-col-12 \"><div class=\"forminator-field\"><label for=\"forminator-field-date-1-picker_69e0eabf167e2\" id=\"forminator-field-date-1-picker_69e0eabf167e2-label\" class=\"forminator-label\">Fecha de nacimiento<\/label><div class=\"forminator-input-with-icon\"><span class=\"forminator-icon-calendar\" aria-hidden=\"true\"><\/span><input autocomplete=\"off\" type=\"text\" size=\"1\" name=\"date-1\" value=\"\" placeholder=\"Elegir fecha\" id=\"forminator-field-date-1-picker_69e0eabf167e2\" class=\"forminator-input forminator-datepicker\" data-required=\"\" data-format=\"dd-mm-yy\" data-restrict-type=\"\" data-restrict=\"\" data-start-year=\"1926\" data-end-year=\"2126\" data-past-dates=\"enable\" data-start-of-week=\"1\" data-start-date=\"\" data-end-date=\"\" data-start-field=\"\" data-end-field=\"\" data-start-offset=\"\" data-end-offset=\"\" data-disable-date=\"\" data-disable-range=\"\" \/><\/div><\/div><\/div><\/div><div class=\"forminator-row\"><div id=\"name-2\" class=\"forminator-field-name forminator-col forminator-col-12 \"><div class=\"forminator-field\"><label for=\"forminator-field-name-2_69e0eabf167e2\" id=\"forminator-field-name-2_69e0eabf167e2-label\" class=\"forminator-label\">Apellido y nombre de la madre, padre o tutor <span class=\"forminator-required\">*<\/span><\/label><input type=\"text\" name=\"name-2\" value=\"\" placeholder=\"Ejemplo: Martinez Julieta\" id=\"forminator-field-name-2_69e0eabf167e2\" class=\"forminator-input forminator-name--field\" aria-required=\"true\" autocomplete=\"name\" \/><\/div><\/div><\/div><div class=\"forminator-row\"><div id=\"email-1\" class=\"forminator-field-email forminator-col forminator-col-6 \"><div class=\"forminator-field\"><label for=\"forminator-field-email-1_69e0eabf167e2\" id=\"forminator-field-email-1_69e0eabf167e2-label\" class=\"forminator-label\">Correo electr\u00f3nico <span class=\"forminator-required\">*<\/span><\/label><input type=\"email\" name=\"email-1\" value=\"\" placeholder=\"Ej . :  julieta@gmail.com\" id=\"forminator-field-email-1_69e0eabf167e2\" class=\"forminator-input forminator-email--field\" data-required=\"1\" aria-required=\"true\" autocomplete=\"email\" \/><\/div><\/div><div id=\"phone-1\" class=\"forminator-field-phone forminator-col forminator-col-6 \"><div class=\"forminator-field\"><label for=\"forminator-field-phone-1_69e0eabf167e2\" id=\"forminator-field-phone-1_69e0eabf167e2-label\" class=\"forminator-label\">Tel\u00e9fono <span class=\"forminator-required\">*<\/span><\/label><input type=\"text\" name=\"phone-1\" value=\"\" placeholder=\"Ejemplo:  11 6987 4578\" id=\"forminator-field-phone-1_69e0eabf167e2\" class=\"forminator-input forminator-field--phone\" data-required=\"1\" aria-required=\"true\" autocomplete=\"off\" data-national_mode=\"enabled\" data-country=\"ar\" data-validation=\"standard\" \/><\/div><\/div><\/div><div class=\"forminator-row\"><div id=\"text-1\" class=\"forminator-field-text forminator-col forminator-col-12 \"><div class=\"forminator-field\"><label for=\"forminator-field-text-1_69e0eabf167e2\" id=\"forminator-field-text-1_69e0eabf167e2-label\" class=\"forminator-label\">Colegio del que proviene (en caso que corresponda)<\/label><input type=\"text\" name=\"text-1\" value=\"\" placeholder=\"Ejemplo:  Instituto Parroquial San Cayetano\" id=\"forminator-field-text-1_69e0eabf167e2\" class=\"forminator-input forminator-name--field\" data-required=\"\" \/><\/div><\/div><\/div><div class=\"forminator-row\"><div id=\"select-1\" class=\"forminator-field-select forminator-col forminator-col-6 \"><div class=\"forminator-field\"><label for=\"forminator-form-56__field--select-1_69e0eabf167e2\" id=\"forminator-form-56__field--select-1_69e0eabf167e2-label\" class=\"forminator-label\">Sala de inter\u00e9s: <span class=\"forminator-required\">*<\/span><\/label><select  id=\"forminator-form-56__field--select-1_69e0eabf167e2\" class=\"forminator-select--field forminator-select2 forminator-select2-multiple\" data-required=\"1\" name=\"select-1\" data-default-value=\"\" data-hidden-behavior=\"zero\" data-placeholder=\"Seleccionar\" data-search=\"false\" data-search-placeholder=\"Seleccionar\" data-checkbox=\"false\" data-allow-clear=\"false\" aria-labelledby=\"forminator-form-56__field--select-1_69e0eabf167e2-label\"><option value=\"\"  >Seleccionar<\/option><option value=\"Sala-de-1-(deambuladores)\"  data-calculation=\"0\">Sala de 1 (deambuladores)<\/option><option value=\"Sala de 2\"  data-calculation=\"0\">Sala de 2<\/option><option value=\"Sala de 3\"  data-calculation=\"0\">Sala de 3<\/option><option value=\"Sala de 4\"  data-calculation=\"0\">Sala de 4<\/option><option value=\"Sale-de-5\"  data-calculation=\"0\">Sala de 5<\/option><\/select><\/div><\/div><div id=\"select-2\" class=\"forminator-field-select forminator-col forminator-col-6 \"><div class=\"forminator-field\"><label for=\"forminator-form-56__field--select-2_69e0eabf167e2\" id=\"forminator-form-56__field--select-2_69e0eabf167e2-label\" class=\"forminator-label\">Situaci\u00f3n academica: <span class=\"forminator-required\">*<\/span><\/label><select  id=\"forminator-form-56__field--select-2_69e0eabf167e2\" class=\"forminator-select--field forminator-select2 forminator-select2-multiple\" data-required=\"1\" name=\"select-2\" data-default-value=\"\" data-hidden-behavior=\"zero\" data-placeholder=\"Seleccionar\" data-search=\"false\" data-search-placeholder=\"Seleccionar\" data-checkbox=\"false\" data-allow-clear=\"false\" aria-labelledby=\"forminator-form-56__field--select-2_69e0eabf167e2-label\"><option value=\"\"  >Seleccionar<\/option><option value=\"Alumno regular\"  data-calculation=\"0\">Alumno regular<\/option><option value=\"Alumno repitente\"  data-calculation=\"0\">Alumno repitente<\/option><\/select><\/div><\/div><\/div><div class=\"forminator-row\"><div id=\"textarea-1\" class=\"forminator-field-textarea forminator-col forminator-col-12 \"><div class=\"forminator-field\"><label for=\"forminator-field-textarea-1_69e0eabf167e2\" id=\"forminator-field-textarea-1_69e0eabf167e2-label\" class=\"forminator-label\">Comentarios adicionales:<\/label><textarea name=\"textarea-1\" placeholder=\"Ejemplo:  Cualquier comentario adicional que desee realizarnos.\" id=\"forminator-field-textarea-1_69e0eabf167e2\" class=\"forminator-textarea\" rows=\"6\" style=\"min-height:140px;\" ><\/textarea><\/div><\/div><\/div><input type=\"hidden\" name=\"referer_url\" value=\"\" \/><div class=\"forminator-row forminator-row-last\"><div class=\"forminator-col\"><div class=\"forminator-field\"><button class=\"forminator-button forminator-button-submit\">Enviar mensaje<\/button><\/div><\/div><\/div><input type=\"hidden\" id=\"forminator_nonce\" name=\"forminator_nonce\" value=\"a7e0bbaced\" \/><input type=\"hidden\" name=\"_wp_http_referer\" value=\"\/forms\/wp-json\/wp\/v2\/pages\/57\" \/><input type=\"hidden\" name=\"form_id\" value=\"56\"><input type=\"hidden\" name=\"page_id\" value=\"57\"><input type=\"hidden\" name=\"form_type\" value=\"default\"><input type=\"hidden\" name=\"current_url\" value=\"https:\/\/ipsanjose.edu.ar\/forms\/solicitud-de-inscripcion-inicial\/\"><input type=\"hidden\" name=\"render_id\" value=\"0\"><input type=\"hidden\" name=\"action\" value=\"forminator_submit_form_custom-forms\"><label for=\"input_13\" class=\"forminator-hidden\" aria-hidden=\"true\">Por favor, no rellenes este campo. <input id=\"input_13\" type=\"text\" name=\"input_13\" value=\"\" autocomplete=\"off\"><\/label><\/form><\/div>\n\t\t\t\t\t\t<\/div>\n\t\t\t\t<\/div>\n\t\t\t\t\t<\/div>\n\t\t<\/div>\n\t\t\t\t\t<\/div>\n\t\t<\/section>\n\t\t\t\t<section class=\"elementor-section elementor-top-section elementor-element elementor-element-642b4d5 elementor-section-boxed elementor-section-height-default elementor-section-height-default\" data-id=\"642b4d5\" data-element_type=\"section\" data-e-type=\"section\">\n\t\t\t\t\t\t<div class=\"elementor-container elementor-column-gap-default\">\n\t\t\t\t\t<div class=\"elementor-column elementor-col-100 elementor-top-column elementor-element elementor-element-6d72f08\" data-id=\"6d72f08\" data-element_type=\"column\" data-e-type=\"column\">\n\t\t\t<div class=\"elementor-widget-wrap elementor-element-populated\">\n\t\t\t\t\t\t<div class=\"elementor-element elementor-element-d2a56dc elementor-align-center elementor-widget elementor-widget-button\" data-id=\"d2a56dc\" data-element_type=\"widget\" data-e-type=\"widget\" data-widget_type=\"button.default\">\n\t\t\t\t<div class=\"elementor-widget-container\">\n\t\t\t\t\t\t\t\t\t<div class=\"elementor-button-wrapper\">\n\t\t\t\t\t<a class=\"elementor-button elementor-button-link elementor-size-sm\" href=\"https:\/\/ipsanjose.edu.ar\/web\/index.php\/nivel-inicial\">\n\t\t\t\t\t\t<span class=\"elementor-button-content-wrapper\">\n\t\t\t\t\t\t<span class=\"elementor-button-icon\">\n\t\t\t\t<i aria-hidden=\"true\" class=\"fas fa-caret-left\"><\/i>\t\t\t<\/span>\n\t\t\t\t\t\t\t\t\t<span class=\"elementor-button-text\">Volver al sitio<\/span>\n\t\t\t\t\t<\/span>\n\t\t\t\t\t<\/a>\n\t\t\t\t<\/div>\n\t\t\t\t\t\t\t\t<\/div>\n\t\t\t\t<\/div>\n\t\t\t\t\t<\/div>\n\t\t<\/div>\n\t\t\t\t\t<\/div>\n\t\t<\/section>\n\t\t\t\t<section class=\"elementor-section elementor-top-section elementor-element elementor-element-f515285 elementor-section-full_width elementor-section-content-middle elementor-section-stretched elementor-section-height-default elementor-section-height-default\" data-id=\"f515285\" data-element_type=\"section\" data-e-type=\"section\" data-settings=\"{&quot;stretch_section&quot;:&quot;section-stretched&quot;,&quot;background_background&quot;:&quot;classic&quot;}\">\n\t\t\t\t\t\t<div class=\"elementor-container elementor-column-gap-default\">\n\t\t\t\t\t<div class=\"elementor-column elementor-col-33 elementor-top-column elementor-element elementor-element-e93d47e\" data-id=\"e93d47e\" data-element_type=\"column\" data-e-type=\"column\">\n\t\t\t<div class=\"elementor-widget-wrap elementor-element-populated\">\n\t\t\t\t\t\t<div class=\"elementor-element elementor-element-0a592fb elementor-widget elementor-widget-heading\" data-id=\"0a592fb\" data-element_type=\"widget\" data-e-type=\"widget\" data-widget_type=\"heading.default\">\n\t\t\t\t<div class=\"elementor-widget-container\">\n\t\t\t\t\t<h2 class=\"elementor-heading-title elementor-size-medium\">Nivel inicial<\/h2>\t\t\t\t<\/div>\n\t\t\t\t<\/div>\n\t\t\t\t<div class=\"elementor-element elementor-element-f47675d elementor-widget elementor-widget-text-editor\" data-id=\"f47675d\" data-element_type=\"widget\" data-e-type=\"widget\" data-widget_type=\"text-editor.default\">\n\t\t\t\t<div class=\"elementor-widget-container\">\n\t\t\t\t\t\t\t\t\t<p><a href=\"https:\/\/ipsanjose.edu.ar\/web\/index.php\/nivel-inicial\">Informaci\u00f3n general<\/a><br \/><a href=\"https:\/\/ipsanjose.edu.ar\/web\/index.php\/dia-a-dia-inicial\">D\u00eda a D\u00eda<\/a><br \/><br \/><\/p>\t\t\t\t\t\t\t\t<\/div>\n\t\t\t\t<\/div>\n\t\t\t\t\t<\/div>\n\t\t<\/div>\n\t\t\t\t<div class=\"elementor-column elementor-col-33 elementor-top-column elementor-element elementor-element-41ce1a8\" data-id=\"41ce1a8\" data-element_type=\"column\" data-e-type=\"column\">\n\t\t\t<div class=\"elementor-widget-wrap elementor-element-populated\">\n\t\t\t\t\t\t<div class=\"elementor-element elementor-element-d994ff7 elementor-widget elementor-widget-heading\" data-id=\"d994ff7\" data-element_type=\"widget\" data-e-type=\"widget\" data-widget_type=\"heading.default\">\n\t\t\t\t<div class=\"elementor-widget-container\">\n\t\t\t\t\t<h2 class=\"elementor-heading-title elementor-size-medium\">Nivel Primario<\/h2>\t\t\t\t<\/div>\n\t\t\t\t<\/div>\n\t\t\t\t<div class=\"elementor-element elementor-element-05df2ec elementor-widget elementor-widget-text-editor\" data-id=\"05df2ec\" data-element_type=\"widget\" data-e-type=\"widget\" data-widget_type=\"text-editor.default\">\n\t\t\t\t<div class=\"elementor-widget-container\">\n\t\t\t\t\t\t\t\t\t<p><a href=\"https:\/\/ipsanjose.edu.ar\/web\/index.php\/nivel-primario\">Informaci\u00f3n general<\/a><br \/><a href=\"https:\/\/ipsanjose.edu.ar\/web\/index.php\/dia-a-dia-nivel-primario\">D\u00eda a D\u00eda<\/a><br \/><br \/><\/p>\t\t\t\t\t\t\t\t<\/div>\n\t\t\t\t<\/div>\n\t\t\t\t\t<\/div>\n\t\t<\/div>\n\t\t\t\t<div class=\"elementor-column elementor-col-33 elementor-top-column elementor-element elementor-element-d2204cf\" data-id=\"d2204cf\" data-element_type=\"column\" data-e-type=\"column\">\n\t\t\t<div class=\"elementor-widget-wrap elementor-element-populated\">\n\t\t\t\t\t\t<div class=\"elementor-element elementor-element-2f51036 elementor-widget elementor-widget-heading\" data-id=\"2f51036\" data-element_type=\"widget\" data-e-type=\"widget\" data-widget_type=\"heading.default\">\n\t\t\t\t<div class=\"elementor-widget-container\">\n\t\t\t\t\t<h2 class=\"elementor-heading-title elementor-size-medium\">Nivel Secundario<\/h2>\t\t\t\t<\/div>\n\t\t\t\t<\/div>\n\t\t\t\t<div class=\"elementor-element elementor-element-80ba67c elementor-widget elementor-widget-text-editor\" data-id=\"80ba67c\" data-element_type=\"widget\" data-e-type=\"widget\" data-widget_type=\"text-editor.default\">\n\t\t\t\t<div class=\"elementor-widget-container\">\n\t\t\t\t\t\t\t\t\t<p><a href=\"https:\/\/ipsanjose.edu.ar\/web\/index.php\/nivel-medio\">Informaci\u00f3n general<\/a><br \/><a href=\"https:\/\/ipsanjose.edu.ar\/web\/index.php\/dia-a-dia-medio\">D\u00eda a D\u00eda<\/a><br \/><a href=\"https:\/\/ipsanjose.edu.ar\/web\/index.php\/reconocimientos\">Reconocimientos<\/a><br \/><a href=\"https:\/\/ipsanjose.edu.ar\/web\/index.php\/gabinete\">Gabinete<\/a><br \/><br \/><\/p>\t\t\t\t\t\t\t\t<\/div>\n\t\t\t\t<\/div>\n\t\t\t\t\t<\/div>\n\t\t<\/div>\n\t\t\t\t\t<\/div>\n\t\t<\/section>\n\t\t\t\t<section class=\"elementor-section elementor-top-section elementor-element elementor-element-b9cedb3 elementor-section-full_width elementor-section-content-middle elementor-section-stretched elementor-section-height-default elementor-section-height-default\" data-id=\"b9cedb3\" data-element_type=\"section\" data-e-type=\"section\" data-settings=\"{&quot;stretch_section&quot;:&quot;section-stretched&quot;,&quot;background_background&quot;:&quot;classic&quot;,&quot;shape_divider_top&quot;:&quot;triangle&quot;}\">\n\t\t\t\t\t<div class=\"elementor-shape elementor-shape-top\" aria-hidden=\"true\" data-negative=\"false\">\n\t\t\t<svg xmlns=\"http:\/\/www.w3.org\/2000\/svg\" viewBox=\"0 0 1000 100\" preserveAspectRatio=\"none\">\n\t<path class=\"elementor-shape-fill\" d=\"M500,98.9L0,6.1V0h1000v6.1L500,98.9z\"\/>\n<\/svg>\t\t<\/div>\n\t\t\t\t\t<div class=\"elementor-container elementor-column-gap-default\">\n\t\t\t\t\t<div class=\"elementor-column elementor-col-100 elementor-top-column elementor-element elementor-element-7300ad8\" data-id=\"7300ad8\" data-element_type=\"column\" data-e-type=\"column\">\n\t\t\t<div class=\"elementor-widget-wrap elementor-element-populated\">\n\t\t\t\t\t\t<div class=\"elementor-element elementor-element-042fd27 elementor-widget elementor-widget-image\" data-id=\"042fd27\" data-element_type=\"widget\" data-e-type=\"widget\" data-widget_type=\"image.default\">\n\t\t\t\t<div class=\"elementor-widget-container\">\n\t\t\t\t\t\t\t\t\t\t\t\t\t\t\t<img decoding=\"async\" src=\"https:\/\/ipsanjose.edu.ar\/forms\/wp-content\/uploads\/elementor\/thumbs\/logo-qcawl88692zn66jfm33sbqv5ujlulpcwc412c6o1cy.png\" title=\"logo\" alt=\"logo\" loading=\"lazy\" \/>\t\t\t\t\t\t\t\t\t\t\t\t\t\t\t<\/div>\n\t\t\t\t<\/div>\n\t\t\t\t\t<\/div>\n\t\t<\/div>\n\t\t\t\t\t<\/div>\n\t\t<\/section>\n\t\t\t\t<\/div>\n\t\t","protected":false},"excerpt":{"rendered":"<p>Solicitud de inscripci\u00f3n \u2022 Nivel Inicial Volver al sitio Nivel inicial Informaci\u00f3n generalD\u00eda a D\u00eda Nivel Primario Informaci\u00f3n generalD\u00eda a D\u00eda Nivel Secundario Informaci\u00f3n generalD\u00eda a D\u00edaReconocimientosGabinete<\/p>\n","protected":false},"author":2,"featured_media":0,"parent":0,"menu_order":0,"comment_status":"closed","ping_status":"closed","template":"elementor_canvas","meta":{"footnotes":""},"class_list":["post-57","page","type-page","status-publish","hentry"],"_links":{"self":[{"href":"https:\/\/ipsanjose.edu.ar\/forms\/wp-json\/wp\/v2\/pages\/57","targetHints":{"allow":["GET"]}}],"collection":[{"href":"https:\/\/ipsanjose.edu.ar\/forms\/wp-json\/wp\/v2\/pages"}],"about":[{"href":"https:\/\/ipsanjose.edu.ar\/forms\/wp-json\/wp\/v2\/types\/page"}],"author":[{"embeddable":true,"href":"https:\/\/ipsanjose.edu.ar\/forms\/wp-json\/wp\/v2\/users\/2"}],"replies":[{"embeddable":true,"href":"https:\/\/ipsanjose.edu.ar\/forms\/wp-json\/wp\/v2\/comments?post=57"}],"version-history":[{"count":56,"href":"https:\/\/ipsanjose.edu.ar\/forms\/wp-json\/wp\/v2\/pages\/57\/revisions"}],"predecessor-version":[{"id":173,"href":"https:\/\/ipsanjose.edu.ar\/forms\/wp-json\/wp\/v2\/pages\/57\/revisions\/173"}],"wp:attachment":[{"href":"https:\/\/ipsanjose.edu.ar\/forms\/wp-json\/wp\/v2\/media?parent=57"}],"curies":[{"name":"wp","href":"https:\/\/api.w.org\/{rel}","templated":true}]}}